{"id":13747,"date":"2026-02-26T16:23:27","date_gmt":"2026-02-26T15:23:27","guid":{"rendered":"https:\/\/pikaluna.com\/sk\/?post_type=product&#038;p=13747"},"modified":"2026-04-05T08:51:42","modified_gmt":"2026-04-05T06:51:42","slug":"classy-lace-blazer-etna","status":"publish","type":"product","link":"https:\/\/pikaluna.com\/sk\/product\/classy-lace-blazer-etna\/","title":{"rendered":"Elegantn\u00e9 \u010dipkovan\u00e9 sako Etna"},"content":{"rendered":"","protected":false},"excerpt":{"rendered":"","protected":false},"featured_media":13753,"template":"","meta":{"_acf_changed":false,"inline_featured_image":false},"product_cat":[143,88,48],"product_tag":[],"class_list":{"0":"post-13747","1":"product","2":"type-product","3":"status-publish","4":"has-post-thumbnail","6":"product_cat-blazers","7":"product_cat-new","8":"product_cat-office","10":"first","11":"instock","12":"shipping-taxable","13":"purchasable","14":"product-type-variable","15":"has-default-attributes"},"acf":[],"_links":{"self":[{"href":"https:\/\/pikaluna.com\/sk\/wp-json\/wp\/v2\/product\/13747","targetHints":{"allow":["GET"]}}],"collection":[{"href":"https:\/\/pikaluna.com\/sk\/wp-json\/wp\/v2\/product"}],"about":[{"href":"https:\/\/pikaluna.com\/sk\/wp-json\/wp\/v2\/types\/product"}],"wp:featuredmedia":[{"embeddable":true,"href":"https:\/\/pikaluna.com\/sk\/wp-json\/wp\/v2\/media\/13753"}],"wp:attachment":[{"href":"https:\/\/pikaluna.com\/sk\/wp-json\/wp\/v2\/media?parent=13747"}],"wp:term":[{"taxonomy":"product_cat","embeddable":true,"href":"https:\/\/pikaluna.com\/sk\/wp-json\/wp\/v2\/product_cat?post=13747"},{"taxonomy":"product_tag","embeddable":true,"href":"https:\/\/pikaluna.com\/sk\/wp-json\/wp\/v2\/product_tag?post=13747"}],"curies":[{"name":"wp","href":"https:\/\/api.w.org\/{rel}","templated":true}]}}