{"id":13181,"date":"2026-01-18T19:41:27","date_gmt":"2026-01-18T18:41:27","guid":{"rendered":"https:\/\/pikaluna.com\/sk\/?post_type=product&#038;p=13181"},"modified":"2026-03-31T11:05:27","modified_gmt":"2026-03-31T09:05:27","slug":"padded-jacket-poeme","status":"publish","type":"product","link":"https:\/\/pikaluna.com\/sk\/product\/padded-jacket-poeme\/","title":{"rendered":"Pre\u0161\u00edvan\u00e1 bunda Poeme"},"content":{"rendered":"","protected":false},"excerpt":{"rendered":"","protected":false},"featured_media":14171,"template":"","meta":{"_acf_changed":false,"inline_featured_image":false},"product_cat":[76,88,67],"product_tag":[],"class_list":{"0":"post-13181","1":"product","2":"type-product","3":"status-publish","4":"has-post-thumbnail","6":"product_cat-jackets","7":"product_cat-new","8":"product_cat-padded-jackets","10":"first","11":"instock","12":"shipping-taxable","13":"purchasable","14":"product-type-variable","15":"has-default-attributes"},"acf":[],"_links":{"self":[{"href":"https:\/\/pikaluna.com\/sk\/wp-json\/wp\/v2\/product\/13181","targetHints":{"allow":["GET"]}}],"collection":[{"href":"https:\/\/pikaluna.com\/sk\/wp-json\/wp\/v2\/product"}],"about":[{"href":"https:\/\/pikaluna.com\/sk\/wp-json\/wp\/v2\/types\/product"}],"wp:featuredmedia":[{"embeddable":true,"href":"https:\/\/pikaluna.com\/sk\/wp-json\/wp\/v2\/media\/14171"}],"wp:attachment":[{"href":"https:\/\/pikaluna.com\/sk\/wp-json\/wp\/v2\/media?parent=13181"}],"wp:term":[{"taxonomy":"product_cat","embeddable":true,"href":"https:\/\/pikaluna.com\/sk\/wp-json\/wp\/v2\/product_cat?post=13181"},{"taxonomy":"product_tag","embeddable":true,"href":"https:\/\/pikaluna.com\/sk\/wp-json\/wp\/v2\/product_tag?post=13181"}],"curies":[{"name":"wp","href":"https:\/\/api.w.org\/{rel}","templated":true}]}}