{"id":12428,"date":"2025-10-16T15:38:18","date_gmt":"2025-10-16T13:38:18","guid":{"rendered":"https:\/\/pikaluna.com\/sk\/?page_id=12428"},"modified":"2026-03-06T10:29:00","modified_gmt":"2026-03-06T09:29:00","slug":"about-us","status":"publish","type":"page","link":"https:\/\/pikaluna.com\/sk\/about-us\/","title":{"rendered":"O n\u00e1s"},"content":{"rendered":"<h2 data-start=\"0\" data-end=\"9\"><strong data-start=\"11\" data-end=\"38\">Oble\u010denie s v\u00fdznamom \ud83c\udf3f<\/strong><\/h2>\n<p data-start=\"0\" data-end=\"9\"><br data-start=\"38\" data-end=\"41\" \/>Ver\u00edme, \u017ee oble\u010denie je viac ne\u017e len l\u00e1tka \u2014 je to sp\u00f4sob, ako vyjadri\u0165, kto ste a ako sa c\u00edtite. To, \u010do nos\u00edte, by v\u00e1m malo doda\u0165 silu, prinies\u0165 pohodlie a odr\u00e1\u017ea\u0165 v\u00e1\u0161 \u017eivotn\u00fd \u0161t\u00fdl. Preto oble\u010denie len nenavrhujeme; vytv\u00e1rame k\u00fasky, ktor\u00e9 sa sp\u00e1jaj\u00fa s va\u0161imi ka\u017edodenn\u00fdmi momentmi.<\/p>\n<h2 data-start=\"325\" data-end=\"666\"><strong data-start=\"325\" data-end=\"348\">In\u0161pirovan\u00e9 vami \ud83d\udcac<\/strong><\/h2>\n<p data-start=\"325\" data-end=\"666\"><br data-start=\"348\" data-end=\"351\" \/>V\u00e1\u0161 hlas je v centre v\u0161etk\u00e9ho, \u010do rob\u00edme. Pozorne po\u010d\u00favame na\u0161ich z\u00e1kazn\u00edkov a ka\u017ed\u00fa kolekciu tvor\u00edme pod\u013ea toho, na \u010dom v\u00e1m skuto\u010dne z\u00e1le\u017e\u00ed. Ka\u017ed\u00fd dizajn za\u010d\u00edna va\u0161ou sp\u00e4tnou v\u00e4zbou, va\u0161imi pr\u00edbehmi a sk\u00fasenos\u0165ami. V\u010faka tomuto pr\u00edstupu vytv\u00e1rame oble\u010denie, ktor\u00e9 p\u00f4sob\u00ed osobne \u2014 akoby bolo vyroben\u00e9 pr\u00e1ve pre v\u00e1s.<\/p>\n<h2 data-start=\"668\" data-end=\"1037\"><strong data-start=\"668\" data-end=\"706\">Pohodlie, kvalita a sebavedomie \ud83c\udf38<\/strong><\/h2>\n<p data-start=\"668\" data-end=\"1037\"><br data-start=\"706\" data-end=\"709\" \/>Na\u0161a pozornos\u0165 sa v\u017edy s\u00fastre\u010fuje na tri veci: pohodlie, kvalitu a sebavedomie. Ka\u017ed\u00fd k\u00fasok je navrhnut\u00fd tak, aby sa s vami pohyboval, podporoval v\u00e1s a aby ste sa v \u0148om c\u00edtili pr\u00edjemne v ka\u017edej situ\u00e1cii. \u010ci u\u017e ste v pr\u00e1ci, oddychujete doma alebo si u\u017e\u00edvate nov\u00e9 \u017eivotn\u00e9 momenty, na\u0161e oble\u010denie prirodzene zapadne do v\u00e1\u0161ho sveta.<\/p>\n<h2 data-start=\"1039\" data-end=\"1409\"><strong data-start=\"1039\" data-end=\"1074\">Vyroben\u00e9 s d\u00f4razom na detail \ud83e\uddf5<\/strong><\/h2>\n<p data-start=\"1039\" data-end=\"1409\"><br data-start=\"1074\" data-end=\"1077\" \/>Ka\u017ed\u00fd k\u00fasok je vyroben\u00fd zo starostlivo vybran\u00fdch materi\u00e1lov pre ich jemnos\u0165, odolnos\u0165 a nad\u010dasov\u00fd vzh\u013ead. Venujeme pozornos\u0165 ka\u017ed\u00e9mu detailu \u2014 od premyslen\u00fdch strihov a \u0161vov a\u017e po priedu\u0161n\u00e9 materi\u00e1ly, ktor\u00e9 sa prisp\u00f4sobia va\u0161im potreb\u00e1m. V\u00fdsledkom je oble\u010denie, ktor\u00e9 vyzer\u00e1 kr\u00e1sne, nos\u00ed sa s \u013eahkos\u0165ou a vydr\u017e\u00ed nosenie de\u0148 za d\u0148om.<\/p>\n<h2 data-start=\"1411\" data-end=\"1739\"><strong data-start=\"1411\" data-end=\"1440\">Viac ne\u017e len oble\u010denie \ud83e\udd1d<\/strong><\/h2>\n<p data-start=\"1411\" data-end=\"1739\"><br data-start=\"1440\" data-end=\"1443\" \/>Pre n\u00e1s je to viac ne\u017e len tvorba oble\u010denia \u2014 je to o budovan\u00ed komunity. Rastieme a vyv\u00edjame sa spolu s na\u0161imi z\u00e1kazn\u00edkmi a na ka\u017edom kroku sa riadime va\u0161ou sp\u00e4tnou v\u00e4zbou. Na\u0161ou misiou je vytv\u00e1ra\u0165 nad\u010dasov\u00e9 k\u00fasky, ktor\u00e9 podporuj\u00fa va\u0161u cestu a z\u00e1rove\u0148 v\u00e1m pom\u00e1haj\u00fa c\u00edti\u0165 sa pohodlne a sebavedomo.<\/p>\n<h2 data-start=\"1741\" data-end=\"1945\"><strong data-start=\"1741\" data-end=\"1765\">Pridajte sa k n\u00e1m \ud83c\udf1f<\/strong><\/h2>\n<p data-start=\"1741\" data-end=\"1945\" data-is-last-node=\"\" data-is-only-node=\"\"><br data-start=\"1765\" data-end=\"1768\" \/>Poz\u00fdvame v\u00e1s objavi\u0165 oble\u010denie, ktor\u00e9 skuto\u010dne prin\u00e1\u0161a rozdiel. Objavte pohodlie, kvalitu a starostlivos\u0165 v ka\u017edom k\u00fasku \u2014 a sta\u0148te sa s\u00fa\u010das\u0165ou komunity, ktor\u00e1 si v\u00e1\u017ei v\u00e1\u0161 hlas.<\/p>\n","protected":false},"excerpt":{"rendered":"<p>Oble\u010denie s v\u00fdznamom \ud83c\udf3f Ver\u00edme, \u017ee oble\u010denie je viac ne\u017e len l\u00e1tka \u2014 je to sp\u00f4sob, ako vyjadri\u0165, kto ste a ako sa c\u00edtite. To, \u010do nos\u00edte, by v\u00e1m malo doda\u0165 silu, prinies\u0165 pohodlie a odr\u00e1\u017ea\u0165 v\u00e1\u0161 \u017eivotn\u00fd \u0161t\u00fdl. Preto oble\u010denie len nenavrhujeme; vytv\u00e1rame k\u00fasky, ktor\u00e9 sa sp\u00e1jaj\u00fa s va\u0161imi ka\u017edodenn\u00fdmi momentmi. In\u0161pirovan\u00e9 vami \ud83d\udcac [&hellip;]<\/p>\n","protected":false},"author":4,"featured_media":12464,"parent":0,"menu_order":0,"comment_status":"closed","ping_status":"closed","template":"template-content.php","meta":{"_acf_changed":false,"inline_featured_image":false,"footnotes":""},"class_list":["post-12428","page","type-page","status-publish","has-post-thumbnail","hentry"],"acf":[],"_links":{"self":[{"href":"https:\/\/pikaluna.com\/sk\/wp-json\/wp\/v2\/pages\/12428","targetHints":{"allow":["GET"]}}],"collection":[{"href":"https:\/\/pikaluna.com\/sk\/wp-json\/wp\/v2\/pages"}],"about":[{"href":"https:\/\/pikaluna.com\/sk\/wp-json\/wp\/v2\/types\/page"}],"author":[{"embeddable":true,"href":"https:\/\/pikaluna.com\/sk\/wp-json\/wp\/v2\/users\/4"}],"replies":[{"embeddable":true,"href":"https:\/\/pikaluna.com\/sk\/wp-json\/wp\/v2\/comments?post=12428"}],"version-history":[{"count":0,"href":"https:\/\/pikaluna.com\/sk\/wp-json\/wp\/v2\/pages\/12428\/revisions"}],"wp:featuredmedia":[{"embeddable":true,"href":"https:\/\/pikaluna.com\/sk\/wp-json\/wp\/v2\/media\/12464"}],"wp:attachment":[{"href":"https:\/\/pikaluna.com\/sk\/wp-json\/wp\/v2\/media?parent=12428"}],"curies":[{"name":"wp","href":"https:\/\/api.w.org\/{rel}","templated":true}]}}