{"id":12428,"date":"2025-10-16T15:38:18","date_gmt":"2025-10-16T13:38:18","guid":{"rendered":"https:\/\/pikaluna.com\/si\/?page_id=12428"},"modified":"2025-12-01T09:36:50","modified_gmt":"2025-12-01T08:36:50","slug":"about-us","status":"publish","type":"page","link":"https:\/\/pikaluna.com\/si\/about-us\/","title":{"rendered":"O nas"},"content":{"rendered":"<h2>Obla\u010dila s pomenom \ud83c\udf3f<\/h2>\n<p>Verjamemo, da obla\u010dila niso le kos blaga \u2014 so na\u010din izra\u017eanja, kdo si in kako se po\u010duti\u0161. To, kar nosi\u0161, naj te opolnomo\u010di, ti nudi udobje in odra\u017ea tvoj \u017eivljenjski slog. Zato ne oblikujemo le obla\u010dil \u2013 ustvarjamo kose, ki se povezujejo z vsakdanjimi trenutki tvojega \u017eivljenja.<\/p>\n<h2>Navdihujete nas vi \ud83d\udcac<\/h2>\n<p>Tvoj glas je v sredi\u0161\u010du vsega, kar po\u010dnemo. Pozorno poslu\u0161amo svoje stranke in vsako kolekcijo oblikujemo okoli tistega, kar je tebi resni\u010dno pomembno. Vsak dizajn se za\u010dne z va\u0161imi odzivi, zgodbami in izku\u0161njami. Tako ustvarjamo obla\u010dila, ki so osebna \u2013 kot da bi bila narejena prav zate.<\/p>\n<h2>Udobje, kakovost in samozavest \ud83c\udf38<\/h2>\n<p>Na\u0161e vodilo so tri stvari: udobje, kakovost in samozavest. Vsak kos je zasnovan tako, da se giblje s tabo, te podpira in ti omogo\u010da spro\u0161\u010den ob\u010dutek v vsaki situaciji. Ne glede na to, ali si v slu\u017ebi, doma ali v novih \u017eivljenjskih trenutkih \u2013 na\u0161a obla\u010dila se popolno zlijejo s tvojim vsakdanom.<\/p>\n<h2>Z ljubeznijo izdelano \ud83e\uddf5<\/h2>\n<p>Vsak kos je narejen iz skrbno izbranih materialov, izbranih zaradi svoje mehkobe, trpe\u017enosti in brez\u010dasnega videza. Pozorni smo na vsako podrobnost \u2013 od skrbno izrezanih krojev in \u0161ivov do zra\u010dnih tkanin, ki se prilagodijo tvojim potrebam. Rezultat so obla\u010dila, ki so lepa na pogled, prijetna na otip in obstojna skozi \u010das.<\/p>\n<h2>Ve\u010d kot le obla\u010dila \ud83e\udd1d<\/h2>\n<p>Za nas to ni le ustvarjanje obla\u010dil \u2013 gre za gradnjo skupnosti. Skupaj z na\u0161imi strankami rastemo in se razvijamo, pri \u010demer nas tvoj glas vodi na vsakem koraku. Na\u0161e poslanstvo je ustvarjati brez\u010dasne kose, ki podpirajo tvojo pot in ti pomagajo, da se po\u010duti\u0161 udobno in samozavestno.<\/p>\n<h2>Pridru\u017ei se nam \ud83c\udf1f<\/h2>\n<p>Vabimo te, da izkusi\u0161 obla\u010dila, ki resni\u010dno naredijo razliko. Odkrij udobje, kakovost in skrb v vsakem kosu \u2013 ter postani del skupnosti, ki ceni tvoj glas.<\/p>\n","protected":false},"excerpt":{"rendered":"<p>Obla\u010dila s pomenom \ud83c\udf3f Verjamemo, da obla\u010dila niso le kos blaga \u2014 so na\u010din izra\u017eanja, kdo si in kako se po\u010duti\u0161. To, kar nosi\u0161, naj te opolnomo\u010di, ti nudi udobje in odra\u017ea tvoj \u017eivljenjski slog. Zato ne oblikujemo le obla\u010dil \u2013 ustvarjamo kose, ki se povezujejo z vsakdanjimi trenutki tvojega \u017eivljenja. Navdihujete nas vi \ud83d\udcac [&hellip;]<\/p>\n","protected":false},"author":4,"featured_media":12464,"parent":0,"menu_order":0,"comment_status":"closed","ping_status":"closed","template":"template-content.php","meta":{"_acf_changed":false,"inline_featured_image":false,"footnotes":""},"class_list":["post-12428","page","type-page","status-publish","has-post-thumbnail","hentry"],"acf":[],"_links":{"self":[{"href":"https:\/\/pikaluna.com\/si\/wp-json\/wp\/v2\/pages\/12428","targetHints":{"allow":["GET"]}}],"collection":[{"href":"https:\/\/pikaluna.com\/si\/wp-json\/wp\/v2\/pages"}],"about":[{"href":"https:\/\/pikaluna.com\/si\/wp-json\/wp\/v2\/types\/page"}],"author":[{"embeddable":true,"href":"https:\/\/pikaluna.com\/si\/wp-json\/wp\/v2\/users\/4"}],"replies":[{"embeddable":true,"href":"https:\/\/pikaluna.com\/si\/wp-json\/wp\/v2\/comments?post=12428"}],"version-history":[{"count":0,"href":"https:\/\/pikaluna.com\/si\/wp-json\/wp\/v2\/pages\/12428\/revisions"}],"wp:featuredmedia":[{"embeddable":true,"href":"https:\/\/pikaluna.com\/si\/wp-json\/wp\/v2\/media\/12464"}],"wp:attachment":[{"href":"https:\/\/pikaluna.com\/si\/wp-json\/wp\/v2\/media?parent=12428"}],"curies":[{"name":"wp","href":"https:\/\/api.w.org\/{rel}","templated":true}]}}