{"id":15695,"date":"2026-04-08T14:09:04","date_gmt":"2026-04-08T12:09:04","guid":{"rendered":"https:\/\/pikaluna.com\/hu\/?post_type=product&#038;p=15695"},"modified":"2026-04-22T07:10:50","modified_gmt":"2026-04-22T05:10:50","slug":"modal-hoodie-activa-hot-pink","status":"publish","type":"product","link":"https:\/\/pikaluna.com\/hu\/product\/modal-hoodie-activa-hot-pink\/","title":{"rendered":"Modal karcs\u00fas\u00edtott kapucnis pul\u00f3ver activa Hot Pink"},"content":{"rendered":"","protected":false},"excerpt":{"rendered":"","protected":false},"featured_media":15747,"template":"","meta":{"_acf_changed":false,"inline_featured_image":false},"product_cat":[78,135,88],"product_tag":[],"class_list":{"0":"post-15695","1":"product","2":"type-product","3":"status-publish","4":"has-post-thumbnail","6":"product_cat-long-sleeves","7":"product_cat-modal-premium","8":"product_cat-new","10":"first","11":"instock","12":"shipping-taxable","13":"purchasable","14":"product-type-variable","15":"has-default-attributes"},"acf":[],"_links":{"self":[{"href":"https:\/\/pikaluna.com\/hu\/wp-json\/wp\/v2\/product\/15695","targetHints":{"allow":["GET"]}}],"collection":[{"href":"https:\/\/pikaluna.com\/hu\/wp-json\/wp\/v2\/product"}],"about":[{"href":"https:\/\/pikaluna.com\/hu\/wp-json\/wp\/v2\/types\/product"}],"wp:featuredmedia":[{"embeddable":true,"href":"https:\/\/pikaluna.com\/hu\/wp-json\/wp\/v2\/media\/15747"}],"wp:attachment":[{"href":"https:\/\/pikaluna.com\/hu\/wp-json\/wp\/v2\/media?parent=15695"}],"wp:term":[{"taxonomy":"product_cat","embeddable":true,"href":"https:\/\/pikaluna.com\/hu\/wp-json\/wp\/v2\/product_cat?post=15695"},{"taxonomy":"product_tag","embeddable":true,"href":"https:\/\/pikaluna.com\/hu\/wp-json\/wp\/v2\/product_tag?post=15695"}],"curies":[{"name":"wp","href":"https:\/\/api.w.org\/{rel}","templated":true}]}}