{"id":14731,"date":"2026-03-09T21:13:10","date_gmt":"2026-03-09T20:13:10","guid":{"rendered":"https:\/\/pikaluna.com\/hu\/?post_type=product&#038;p=14731"},"modified":"2026-04-21T08:55:11","modified_gmt":"2026-04-21T06:55:11","slug":"modal-hoodie-anya-hot-pink","status":"publish","type":"product","link":"https:\/\/pikaluna.com\/hu\/product\/modal-hoodie-anya-hot-pink\/","title":{"rendered":"Modal f\u00e9lcipz\u00e1ras kapucnis pul\u00f3ver Anya Hot Pink"},"content":{"rendered":"","protected":false},"excerpt":{"rendered":"","protected":false},"featured_media":14737,"template":"","meta":{"_acf_changed":false,"inline_featured_image":false},"product_cat":[78,135,88,150],"product_tag":[],"class_list":{"0":"post-14731","1":"product","2":"type-product","3":"status-publish","4":"has-post-thumbnail","6":"product_cat-long-sleeves","7":"product_cat-modal-premium","8":"product_cat-new","9":"product_cat-spring-sale","11":"first","12":"instock","13":"sale","14":"shipping-taxable","15":"purchasable","16":"product-type-variable","17":"has-default-attributes"},"acf":[],"_links":{"self":[{"href":"https:\/\/pikaluna.com\/hu\/wp-json\/wp\/v2\/product\/14731","targetHints":{"allow":["GET"]}}],"collection":[{"href":"https:\/\/pikaluna.com\/hu\/wp-json\/wp\/v2\/product"}],"about":[{"href":"https:\/\/pikaluna.com\/hu\/wp-json\/wp\/v2\/types\/product"}],"wp:featuredmedia":[{"embeddable":true,"href":"https:\/\/pikaluna.com\/hu\/wp-json\/wp\/v2\/media\/14737"}],"wp:attachment":[{"href":"https:\/\/pikaluna.com\/hu\/wp-json\/wp\/v2\/media?parent=14731"}],"wp:term":[{"taxonomy":"product_cat","embeddable":true,"href":"https:\/\/pikaluna.com\/hu\/wp-json\/wp\/v2\/product_cat?post=14731"},{"taxonomy":"product_tag","embeddable":true,"href":"https:\/\/pikaluna.com\/hu\/wp-json\/wp\/v2\/product_tag?post=14731"}],"curies":[{"name":"wp","href":"https:\/\/api.w.org\/{rel}","templated":true}]}}