{"id":14113,"date":"2026-02-24T18:06:25","date_gmt":"2026-02-24T17:06:25","guid":{"rendered":"https:\/\/pikaluna.com\/hu\/?post_type=product&#038;p=14113"},"modified":"2026-04-20T12:34:30","modified_gmt":"2026-04-20T10:34:30","slug":"modal-hoodie-activa-poeme","status":"publish","type":"product","link":"https:\/\/pikaluna.com\/hu\/product\/modal-hoodie-activa-poeme\/","title":{"rendered":"Modal karcs\u00fas\u00edtott kapucnis pul\u00f3ver activa Poeme"},"content":{"rendered":"","protected":false},"excerpt":{"rendered":"","protected":false},"featured_media":14595,"template":"","meta":{"_acf_changed":false,"inline_featured_image":false},"product_cat":[78,135,88],"product_tag":[],"class_list":{"0":"post-14113","1":"product","2":"type-product","3":"status-publish","4":"has-post-thumbnail","6":"product_cat-long-sleeves","7":"product_cat-modal-premium","8":"product_cat-new","10":"first","11":"instock","12":"shipping-taxable","13":"purchasable","14":"product-type-variable","15":"has-default-attributes"},"acf":[],"_links":{"self":[{"href":"https:\/\/pikaluna.com\/hu\/wp-json\/wp\/v2\/product\/14113","targetHints":{"allow":["GET"]}}],"collection":[{"href":"https:\/\/pikaluna.com\/hu\/wp-json\/wp\/v2\/product"}],"about":[{"href":"https:\/\/pikaluna.com\/hu\/wp-json\/wp\/v2\/types\/product"}],"wp:featuredmedia":[{"embeddable":true,"href":"https:\/\/pikaluna.com\/hu\/wp-json\/wp\/v2\/media\/14595"}],"wp:attachment":[{"href":"https:\/\/pikaluna.com\/hu\/wp-json\/wp\/v2\/media?parent=14113"}],"wp:term":[{"taxonomy":"product_cat","embeddable":true,"href":"https:\/\/pikaluna.com\/hu\/wp-json\/wp\/v2\/product_cat?post=14113"},{"taxonomy":"product_tag","embeddable":true,"href":"https:\/\/pikaluna.com\/hu\/wp-json\/wp\/v2\/product_tag?post=14113"}],"curies":[{"name":"wp","href":"https:\/\/api.w.org\/{rel}","templated":true}]}}