{"id":14092,"date":"2026-02-24T17:23:01","date_gmt":"2026-02-24T16:23:01","guid":{"rendered":"https:\/\/pikaluna.com\/hu\/?post_type=product&#038;p=14092"},"modified":"2026-04-22T18:45:08","modified_gmt":"2026-04-22T16:45:08","slug":"classy-lace-blazer-etna","status":"publish","type":"product","link":"https:\/\/pikaluna.com\/hu\/product\/classy-lace-blazer-etna\/","title":{"rendered":"Eleg\u00e1ns csipk\u00e9s bl\u00e9zer Etna"},"content":{"rendered":"","protected":false},"excerpt":{"rendered":"","protected":false},"featured_media":14318,"template":"","meta":{"_acf_changed":false,"inline_featured_image":false},"product_cat":[143,88,48,150],"product_tag":[],"class_list":{"0":"post-14092","1":"product","2":"type-product","3":"status-publish","4":"has-post-thumbnail","6":"product_cat-blazers","7":"product_cat-new","8":"product_cat-office","9":"product_cat-spring-sale","11":"first","12":"instock","13":"sale","14":"shipping-taxable","15":"purchasable","16":"product-type-variable","17":"has-default-attributes"},"acf":[],"_links":{"self":[{"href":"https:\/\/pikaluna.com\/hu\/wp-json\/wp\/v2\/product\/14092","targetHints":{"allow":["GET"]}}],"collection":[{"href":"https:\/\/pikaluna.com\/hu\/wp-json\/wp\/v2\/product"}],"about":[{"href":"https:\/\/pikaluna.com\/hu\/wp-json\/wp\/v2\/types\/product"}],"wp:featuredmedia":[{"embeddable":true,"href":"https:\/\/pikaluna.com\/hu\/wp-json\/wp\/v2\/media\/14318"}],"wp:attachment":[{"href":"https:\/\/pikaluna.com\/hu\/wp-json\/wp\/v2\/media?parent=14092"}],"wp:term":[{"taxonomy":"product_cat","embeddable":true,"href":"https:\/\/pikaluna.com\/hu\/wp-json\/wp\/v2\/product_cat?post=14092"},{"taxonomy":"product_tag","embeddable":true,"href":"https:\/\/pikaluna.com\/hu\/wp-json\/wp\/v2\/product_tag?post=14092"}],"curies":[{"name":"wp","href":"https:\/\/api.w.org\/{rel}","templated":true}]}}