{"id":12868,"date":"2025-12-23T21:01:59","date_gmt":"2025-12-23T20:01:59","guid":{"rendered":"https:\/\/pikaluna.com\/hu\/?post_type=product&#038;p=12868"},"modified":"2026-04-22T16:06:48","modified_gmt":"2026-04-22T14:06:48","slug":"modal-oversized-hoodie-etna-glow","status":"publish","type":"product","link":"https:\/\/pikaluna.com\/hu\/product\/modal-oversized-hoodie-etna-glow\/","title":{"rendered":"Modal oversize meleg\u00edt\u0151fels\u0151 Etna Glow"},"content":{"rendered":"","protected":false},"excerpt":{"rendered":"","protected":false},"featured_media":13765,"template":"","meta":{"_acf_changed":false,"inline_featured_image":false},"product_cat":[78,135,88,150],"product_tag":[],"class_list":{"0":"post-12868","1":"product","2":"type-product","3":"status-publish","4":"has-post-thumbnail","6":"product_cat-long-sleeves","7":"product_cat-modal-premium","8":"product_cat-new","9":"product_cat-spring-sale","11":"first","12":"instock","13":"sale","14":"shipping-taxable","15":"purchasable","16":"product-type-variable","17":"has-default-attributes"},"acf":[],"_links":{"self":[{"href":"https:\/\/pikaluna.com\/hu\/wp-json\/wp\/v2\/product\/12868","targetHints":{"allow":["GET"]}}],"collection":[{"href":"https:\/\/pikaluna.com\/hu\/wp-json\/wp\/v2\/product"}],"about":[{"href":"https:\/\/pikaluna.com\/hu\/wp-json\/wp\/v2\/types\/product"}],"wp:featuredmedia":[{"embeddable":true,"href":"https:\/\/pikaluna.com\/hu\/wp-json\/wp\/v2\/media\/13765"}],"wp:attachment":[{"href":"https:\/\/pikaluna.com\/hu\/wp-json\/wp\/v2\/media?parent=12868"}],"wp:term":[{"taxonomy":"product_cat","embeddable":true,"href":"https:\/\/pikaluna.com\/hu\/wp-json\/wp\/v2\/product_cat?post=12868"},{"taxonomy":"product_tag","embeddable":true,"href":"https:\/\/pikaluna.com\/hu\/wp-json\/wp\/v2\/product_tag?post=12868"}],"curies":[{"name":"wp","href":"https:\/\/api.w.org\/{rel}","templated":true}]}}