{"id":12837,"date":"2025-12-23T20:50:49","date_gmt":"2025-12-23T19:50:49","guid":{"rendered":"https:\/\/pikaluna.com\/hu\/?post_type=product&#038;p=12837"},"modified":"2026-05-09T00:28:37","modified_gmt":"2026-05-08T22:28:37","slug":"modal-oversized-hoodie-etna","status":"publish","type":"product","link":"https:\/\/pikaluna.com\/hu\/product\/modal-oversized-hoodie-etna\/","title":{"rendered":"Modal oversize meleg\u00edt\u0151fels\u0151 Etna"},"content":{"rendered":"","protected":false},"excerpt":{"rendered":"","protected":false},"featured_media":13761,"template":"","meta":{"_acf_changed":false,"inline_featured_image":false},"product_cat":[78,135,88],"product_tag":[],"class_list":{"0":"post-12837","1":"product","2":"type-product","3":"status-publish","4":"has-post-thumbnail","6":"product_cat-long-sleeves","7":"product_cat-modal-premium","8":"product_cat-new","10":"first","11":"instock","12":"shipping-taxable","13":"purchasable","14":"product-type-variable","15":"has-default-attributes"},"acf":[],"_links":{"self":[{"href":"https:\/\/pikaluna.com\/hu\/wp-json\/wp\/v2\/product\/12837","targetHints":{"allow":["GET"]}}],"collection":[{"href":"https:\/\/pikaluna.com\/hu\/wp-json\/wp\/v2\/product"}],"about":[{"href":"https:\/\/pikaluna.com\/hu\/wp-json\/wp\/v2\/types\/product"}],"wp:featuredmedia":[{"embeddable":true,"href":"https:\/\/pikaluna.com\/hu\/wp-json\/wp\/v2\/media\/13761"}],"wp:attachment":[{"href":"https:\/\/pikaluna.com\/hu\/wp-json\/wp\/v2\/media?parent=12837"}],"wp:term":[{"taxonomy":"product_cat","embeddable":true,"href":"https:\/\/pikaluna.com\/hu\/wp-json\/wp\/v2\/product_cat?post=12837"},{"taxonomy":"product_tag","embeddable":true,"href":"https:\/\/pikaluna.com\/hu\/wp-json\/wp\/v2\/product_tag?post=12837"}],"curies":[{"name":"wp","href":"https:\/\/api.w.org\/{rel}","templated":true}]}}