{"id":12765,"date":"2025-12-23T18:49:21","date_gmt":"2025-12-23T17:49:21","guid":{"rendered":"https:\/\/pikaluna.com\/hu\/?post_type=product&#038;p=12765"},"modified":"2026-04-22T14:27:20","modified_gmt":"2026-04-22T12:27:20","slug":"relax-sweatpants-zambia","status":"publish","type":"product","link":"https:\/\/pikaluna.com\/hu\/product\/relax-sweatpants-zambia\/","title":{"rendered":"Relax meleg\u00edt\u0151nadr\u00e1g Zambia"},"content":{"rendered":"","protected":false},"excerpt":{"rendered":"","protected":false},"featured_media":13812,"template":"","meta":{"_acf_changed":false,"inline_featured_image":false},"product_cat":[88,150,85],"product_tag":[],"class_list":{"0":"post-12765","1":"product","2":"type-product","3":"status-publish","4":"has-post-thumbnail","6":"product_cat-new","7":"product_cat-spring-sale","8":"product_cat-sweatpants","10":"first","11":"instock","12":"sale","13":"shipping-taxable","14":"purchasable","15":"product-type-variable","16":"has-default-attributes"},"acf":[],"_links":{"self":[{"href":"https:\/\/pikaluna.com\/hu\/wp-json\/wp\/v2\/product\/12765","targetHints":{"allow":["GET"]}}],"collection":[{"href":"https:\/\/pikaluna.com\/hu\/wp-json\/wp\/v2\/product"}],"about":[{"href":"https:\/\/pikaluna.com\/hu\/wp-json\/wp\/v2\/types\/product"}],"wp:featuredmedia":[{"embeddable":true,"href":"https:\/\/pikaluna.com\/hu\/wp-json\/wp\/v2\/media\/13812"}],"wp:attachment":[{"href":"https:\/\/pikaluna.com\/hu\/wp-json\/wp\/v2\/media?parent=12765"}],"wp:term":[{"taxonomy":"product_cat","embeddable":true,"href":"https:\/\/pikaluna.com\/hu\/wp-json\/wp\/v2\/product_cat?post=12765"},{"taxonomy":"product_tag","embeddable":true,"href":"https:\/\/pikaluna.com\/hu\/wp-json\/wp\/v2\/product_tag?post=12765"}],"curies":[{"name":"wp","href":"https:\/\/api.w.org\/{rel}","templated":true}]}}