{"id":12428,"date":"2025-10-16T15:38:18","date_gmt":"2025-10-16T13:38:18","guid":{"rendered":"https:\/\/pikaluna.com\/hu\/?page_id=12428"},"modified":"2026-02-20T10:40:18","modified_gmt":"2026-02-20T09:40:18","slug":"about-us","status":"publish","type":"page","link":"https:\/\/pikaluna.com\/hu\/about-us\/","title":{"rendered":"R\u00f3lunk"},"content":{"rendered":"<h2>Jelent\u00e9ssel teli ruh\u00e1zat \ud83c\udf3f<\/h2>\n<p>Hisz\u00fcnk abban, hogy a ruh\u00e1zat t\u00f6bb, mint puszta anyag \u2013 kifejezi, hogy ki \u00d6n \u00e9s hogyan \u00e9rzi mag\u00e1t. Amit visel, az er\u0151t ad, k\u00e9nyelmet biztos\u00edt, \u00e9s t\u00fckr\u00f6zi \u00e9letst\u00edlus\u00e1t. Ez\u00e9rt nem csup\u00e1n ruh\u00e1kat tervez\u00fcnk; olyan darabokat alkotunk, amelyek kapcsol\u00f3dnak mindennapi pillanataihoz.<\/p>\n<h2>\u00d6n inspir\u00e1l minket \ud83d\udcac<\/h2>\n<p>Az \u00d6n hangja minden tev\u00e9kenys\u00e9g\u00fcnk k\u00f6z\u00e9ppontj\u00e1ban \u00e1ll. Figyelmesen hallgatjuk \u00fcgyfeleinket, minden kollekci\u00f3nkat az \u00d6n sz\u00e1m\u00e1ra fontos \u00e9rt\u00e9kekre alapozva. Minden diz\u00e1jn az \u00d6n visszajelz\u00e9seib\u0151l, t\u00f6rt\u00e9neteib\u0151l \u00e9s tapasztalataib\u00f3l indul ki. Ez a megk\u00f6zel\u00edt\u00e9s lehet\u0151v\u00e9 teszi, hogy olyan ruh\u00e1kat k\u00e9sz\u00edts\u00fcnk, amelyek szem\u00e9lyesnek \u00e9rz\u0151dnek \u2013 mintha csak \u00d6nnek k\u00e9sz\u00fcltek volna.<\/p>\n<h2>K\u00e9nyelem, min\u0151s\u00e9g \u00e9s \u00f6nbizalom \ud83c\udf38<\/h2>\n<p>Mindig h\u00e1rom dologra f\u00f3kusz\u00e1lunk: k\u00e9nyelemre, min\u0151s\u00e9gre \u00e9s \u00f6nbizalomra. Minden darabot \u00fagy tervez\u00fcnk, hogy \u00d6nnel mozogjon, t\u00e1mogassa \u00d6nt, \u00e9s minden helyzetben k\u00e9nyelmet ny\u00fajtson. Ak\u00e1r dolgozik, otthon pihen, vagy \u00faj \u00e9letpillanatokat \u00e9l \u00e1t, ruh\u00e1ink k\u00f6nnyed\u00e9n illeszkednek az \u00d6n vil\u00e1g\u00e1ba.<\/p>\n<h2>Gondos k\u00e9zm\u0171vess\u00e9g \ud83e\uddf5<\/h2>\n<p>Minden darab gondosan v\u00e1logatott anyagokb\u00f3l k\u00e9sz\u00fcl, amelyek puhas\u00e1guk, tart\u00f3ss\u00e1guk \u00e9s id\u0151t\u00e1ll\u00f3 vonzer\u0151j\u00fck miatt kiemelked\u0151ek. Figyelmet ford\u00edtunk minden r\u00e9szletre \u2013 az \u00e1tgondolt szab\u00e1sokt\u00f3l \u00e9s varr\u00e1sokt\u00f3l kezdve a l\u00e9legz\u0151 sz\u00f6vetekig, amelyek alkalmazkodnak az \u00d6n ig\u00e9nyeihez. Az eredm\u00e9ny olyan ruh\u00e1zat, amely gy\u00f6ny\u00f6r\u0171en n\u00e9z ki, k\u00f6nnyed \u00e9rz\u00e9st ny\u00fajt, \u00e9s viseletr\u0151l viseletre tart\u00f3s marad.<\/p>\n<h2>T\u00f6bb mint puszt\u00e1n ruh\u00e1zat \ud83e\udd1d<\/h2>\n<p>Sz\u00e1munkra nem csak ruh\u00e1k k\u00e9sz\u00edt\u00e9s\u00e9r\u0151l van sz\u00f3 \u2013 egy k\u00f6z\u00f6ss\u00e9g \u00e9p\u00edt\u00e9s\u00e9r\u0151l is. \u00dcgyfeleinkkel egy\u00fctt n\u00f6veked\u00fcnk \u00e9s fejl\u0151d\u00fcnk, minden l\u00e9p\u00e9sn\u00e9l az \u00d6n hangja vez\u00e9rel minket. K\u00fcldet\u00e9s\u00fcnk, hogy id\u0151t\u00e1ll\u00f3 darabokat alkossunk, amelyek t\u00e1mogatj\u00e1k az \u00d6n \u00fatj\u00e1t, mik\u00f6zben k\u00e9nyelmet \u00e9s \u00f6nbizalmat ny\u00fajtanak.<\/p>\n<h2>Csatlakozzon hozz\u00e1nk \ud83c\udf1f<\/h2>\n<p>Megh\u00edvjuk, hogy tapasztalja meg, milyen, amikor a ruh\u00e1zat val\u00f3di k\u00fcl\u00f6nbs\u00e9get jelent. Fedezze fel a k\u00e9nyelmet, min\u0151s\u00e9get \u00e9s gondoskod\u00e1st minden darabban \u2013 \u00e9s legyen r\u00e9sze egy olyan k\u00f6z\u00f6ss\u00e9gnek, amely \u00e9rt\u00e9keli az \u00d6n hangj\u00e1t.<\/p>\n","protected":false},"excerpt":{"rendered":"<p>Jelent\u00e9ssel teli ruh\u00e1zat \ud83c\udf3f Hisz\u00fcnk abban, hogy a ruh\u00e1zat t\u00f6bb, mint puszta anyag \u2013 kifejezi, hogy ki \u00d6n \u00e9s hogyan \u00e9rzi mag\u00e1t. Amit visel, az er\u0151t ad, k\u00e9nyelmet biztos\u00edt, \u00e9s t\u00fckr\u00f6zi \u00e9letst\u00edlus\u00e1t. Ez\u00e9rt nem csup\u00e1n ruh\u00e1kat tervez\u00fcnk; olyan darabokat alkotunk, amelyek kapcsol\u00f3dnak mindennapi pillanataihoz. \u00d6n inspir\u00e1l minket \ud83d\udcac Az \u00d6n hangja minden tev\u00e9kenys\u00e9g\u00fcnk k\u00f6z\u00e9ppontj\u00e1ban \u00e1ll. [&hellip;]<\/p>\n","protected":false},"author":4,"featured_media":12464,"parent":0,"menu_order":0,"comment_status":"closed","ping_status":"closed","template":"template-content.php","meta":{"_acf_changed":false,"inline_featured_image":false,"footnotes":""},"class_list":["post-12428","page","type-page","status-publish","has-post-thumbnail","hentry"],"acf":[],"_links":{"self":[{"href":"https:\/\/pikaluna.com\/hu\/wp-json\/wp\/v2\/pages\/12428","targetHints":{"allow":["GET"]}}],"collection":[{"href":"https:\/\/pikaluna.com\/hu\/wp-json\/wp\/v2\/pages"}],"about":[{"href":"https:\/\/pikaluna.com\/hu\/wp-json\/wp\/v2\/types\/page"}],"author":[{"embeddable":true,"href":"https:\/\/pikaluna.com\/hu\/wp-json\/wp\/v2\/users\/4"}],"replies":[{"embeddable":true,"href":"https:\/\/pikaluna.com\/hu\/wp-json\/wp\/v2\/comments?post=12428"}],"version-history":[{"count":0,"href":"https:\/\/pikaluna.com\/hu\/wp-json\/wp\/v2\/pages\/12428\/revisions"}],"wp:featuredmedia":[{"embeddable":true,"href":"https:\/\/pikaluna.com\/hu\/wp-json\/wp\/v2\/media\/12464"}],"wp:attachment":[{"href":"https:\/\/pikaluna.com\/hu\/wp-json\/wp\/v2\/media?parent=12428"}],"curies":[{"name":"wp","href":"https:\/\/api.w.org\/{rel}","templated":true}]}}