{"id":4434,"date":"2025-02-18T08:08:06","date_gmt":"2025-02-18T07:08:06","guid":{"rendered":"https:\/\/pikaluna.com\/cz\/?post_type=product&#038;p=4434"},"modified":"2026-04-10T21:37:24","modified_gmt":"2026-04-10T19:37:24","slug":"blossom-kids","status":"publish","type":"product","link":"https:\/\/pikaluna.com\/cz\/product\/blossom-kids\/","title":{"rendered":"D\u011btsk\u00e1 leg\u00edna Blossom"},"content":{"rendered":"","protected":false},"excerpt":{"rendered":"","protected":false},"featured_media":9264,"template":"","meta":{"_acf_changed":false,"inline_featured_image":false},"product_cat":[28,31,33],"product_tag":[],"class_list":{"0":"post-4434","1":"product","2":"type-product","3":"status-publish","4":"has-post-thumbnail","6":"product_cat-archive","7":"product_cat-kids","8":"product_cat-kids-long-leggings","10":"first","11":"outofstock","12":"shipping-taxable","13":"product-type-variable","14":"has-default-attributes"},"acf":[],"_links":{"self":[{"href":"https:\/\/pikaluna.com\/cz\/wp-json\/wp\/v2\/product\/4434","targetHints":{"allow":["GET"]}}],"collection":[{"href":"https:\/\/pikaluna.com\/cz\/wp-json\/wp\/v2\/product"}],"about":[{"href":"https:\/\/pikaluna.com\/cz\/wp-json\/wp\/v2\/types\/product"}],"wp:featuredmedia":[{"embeddable":true,"href":"https:\/\/pikaluna.com\/cz\/wp-json\/wp\/v2\/media\/9264"}],"wp:attachment":[{"href":"https:\/\/pikaluna.com\/cz\/wp-json\/wp\/v2\/media?parent=4434"}],"wp:term":[{"taxonomy":"product_cat","embeddable":true,"href":"https:\/\/pikaluna.com\/cz\/wp-json\/wp\/v2\/product_cat?post=4434"},{"taxonomy":"product_tag","embeddable":true,"href":"https:\/\/pikaluna.com\/cz\/wp-json\/wp\/v2\/product_tag?post=4434"}],"curies":[{"name":"wp","href":"https:\/\/api.w.org\/{rel}","templated":true}]}}