{"id":17670,"date":"2026-04-08T14:05:34","date_gmt":"2026-04-08T12:05:34","guid":{"rendered":"https:\/\/pikaluna.com\/cz\/?post_type=product&#038;p=17670"},"modified":"2026-04-23T23:42:55","modified_gmt":"2026-04-23T21:42:55","slug":"modal-hoodie-activa-hot-pink","status":"publish","type":"product","link":"https:\/\/pikaluna.com\/cz\/product\/modal-hoodie-activa-hot-pink\/","title":{"rendered":"Modal p\u0159il\u00e9hav\u00e1 mikina s kapuc\u00ed activa Hot Pink"},"content":{"rendered":"","protected":false},"excerpt":{"rendered":"","protected":false},"featured_media":17743,"template":"","meta":{"_acf_changed":false,"inline_featured_image":false},"product_cat":[78,135,88],"product_tag":[],"class_list":{"0":"post-17670","1":"product","2":"type-product","3":"status-publish","4":"has-post-thumbnail","6":"product_cat-long-sleeves","7":"product_cat-modal-premium","8":"product_cat-new","10":"first","11":"instock","12":"shipping-taxable","13":"purchasable","14":"product-type-variable","15":"has-default-attributes"},"acf":[],"_links":{"self":[{"href":"https:\/\/pikaluna.com\/cz\/wp-json\/wp\/v2\/product\/17670","targetHints":{"allow":["GET"]}}],"collection":[{"href":"https:\/\/pikaluna.com\/cz\/wp-json\/wp\/v2\/product"}],"about":[{"href":"https:\/\/pikaluna.com\/cz\/wp-json\/wp\/v2\/types\/product"}],"wp:featuredmedia":[{"embeddable":true,"href":"https:\/\/pikaluna.com\/cz\/wp-json\/wp\/v2\/media\/17743"}],"wp:attachment":[{"href":"https:\/\/pikaluna.com\/cz\/wp-json\/wp\/v2\/media?parent=17670"}],"wp:term":[{"taxonomy":"product_cat","embeddable":true,"href":"https:\/\/pikaluna.com\/cz\/wp-json\/wp\/v2\/product_cat?post=17670"},{"taxonomy":"product_tag","embeddable":true,"href":"https:\/\/pikaluna.com\/cz\/wp-json\/wp\/v2\/product_tag?post=17670"}],"curies":[{"name":"wp","href":"https:\/\/api.w.org\/{rel}","templated":true}]}}