{"id":15067,"date":"2026-02-24T18:02:02","date_gmt":"2026-02-24T17:02:02","guid":{"rendered":"https:\/\/pikaluna.com\/cz\/?post_type=product&#038;p=15067"},"modified":"2026-04-28T06:24:54","modified_gmt":"2026-04-28T04:24:54","slug":"modal-hoodie-activa-poeme","status":"publish","type":"product","link":"https:\/\/pikaluna.com\/cz\/product\/modal-hoodie-activa-poeme\/","title":{"rendered":"Modal p\u0159il\u00e9hav\u00e1 mikina s kapuc\u00ed activa Poeme"},"content":{"rendered":"","protected":false},"excerpt":{"rendered":"","protected":false},"featured_media":15718,"template":"","meta":{"_acf_changed":false,"inline_featured_image":false},"product_cat":[78,135,88],"product_tag":[],"class_list":{"0":"post-15067","1":"product","2":"type-product","3":"status-publish","4":"has-post-thumbnail","6":"product_cat-long-sleeves","7":"product_cat-modal-premium","8":"product_cat-new","10":"first","11":"instock","12":"shipping-taxable","13":"purchasable","14":"product-type-variable","15":"has-default-attributes"},"acf":[],"_links":{"self":[{"href":"https:\/\/pikaluna.com\/cz\/wp-json\/wp\/v2\/product\/15067","targetHints":{"allow":["GET"]}}],"collection":[{"href":"https:\/\/pikaluna.com\/cz\/wp-json\/wp\/v2\/product"}],"about":[{"href":"https:\/\/pikaluna.com\/cz\/wp-json\/wp\/v2\/types\/product"}],"wp:featuredmedia":[{"embeddable":true,"href":"https:\/\/pikaluna.com\/cz\/wp-json\/wp\/v2\/media\/15718"}],"wp:attachment":[{"href":"https:\/\/pikaluna.com\/cz\/wp-json\/wp\/v2\/media?parent=15067"}],"wp:term":[{"taxonomy":"product_cat","embeddable":true,"href":"https:\/\/pikaluna.com\/cz\/wp-json\/wp\/v2\/product_cat?post=15067"},{"taxonomy":"product_tag","embeddable":true,"href":"https:\/\/pikaluna.com\/cz\/wp-json\/wp\/v2\/product_tag?post=15067"}],"curies":[{"name":"wp","href":"https:\/\/api.w.org\/{rel}","templated":true}]}}