{"id":15061,"date":"2026-02-24T18:00:12","date_gmt":"2026-02-24T17:00:12","guid":{"rendered":"https:\/\/pikaluna.com\/cz\/?post_type=product&#038;p=15061"},"modified":"2026-04-15T06:34:22","modified_gmt":"2026-04-15T04:34:22","slug":"modal-hoodie-activa-etna-gold","status":"publish","type":"product","link":"https:\/\/pikaluna.com\/cz\/product\/modal-hoodie-activa-etna-gold\/","title":{"rendered":"Modal p\u0159il\u00e9hav\u00e1 mikina s kapuc\u00ed activa Etna Gold"},"content":{"rendered":"","protected":false},"excerpt":{"rendered":"","protected":false},"featured_media":15712,"template":"","meta":{"_acf_changed":false,"inline_featured_image":false},"product_cat":[78,135,88,151],"product_tag":[],"class_list":{"0":"post-15061","1":"product","2":"type-product","3":"status-publish","4":"has-post-thumbnail","6":"product_cat-long-sleeves","7":"product_cat-modal-premium","8":"product_cat-new","9":"product_cat-spring-sale","11":"first","12":"outofstock","13":"shipping-taxable","14":"product-type-variable","15":"has-default-attributes"},"acf":[],"_links":{"self":[{"href":"https:\/\/pikaluna.com\/cz\/wp-json\/wp\/v2\/product\/15061","targetHints":{"allow":["GET"]}}],"collection":[{"href":"https:\/\/pikaluna.com\/cz\/wp-json\/wp\/v2\/product"}],"about":[{"href":"https:\/\/pikaluna.com\/cz\/wp-json\/wp\/v2\/types\/product"}],"wp:featuredmedia":[{"embeddable":true,"href":"https:\/\/pikaluna.com\/cz\/wp-json\/wp\/v2\/media\/15712"}],"wp:attachment":[{"href":"https:\/\/pikaluna.com\/cz\/wp-json\/wp\/v2\/media?parent=15061"}],"wp:term":[{"taxonomy":"product_cat","embeddable":true,"href":"https:\/\/pikaluna.com\/cz\/wp-json\/wp\/v2\/product_cat?post=15061"},{"taxonomy":"product_tag","embeddable":true,"href":"https:\/\/pikaluna.com\/cz\/wp-json\/wp\/v2\/product_tag?post=15061"}],"curies":[{"name":"wp","href":"https:\/\/api.w.org\/{rel}","templated":true}]}}