{"id":13295,"date":"2026-01-26T09:07:59","date_gmt":"2026-01-26T08:07:59","guid":{"rendered":"https:\/\/pikaluna.com\/cz\/?post_type=product&p=13295"},"modified":"2026-05-04T13:53:51","modified_gmt":"2026-05-04T11:53:51","slug":"sunseeker-short-skirt-royal","status":"publish","type":"product","link":"https:\/\/pikaluna.com\/cz\/product\/sunseeker-short-skirt-royal\/","title":{"rendered":"Sunseeker kr\u00e1tk\u00e1 sukn\u011b Royal"},"content":{"rendered":"","protected":false},"excerpt":{"rendered":"","protected":false},"featured_media":13415,"template":"","meta":{"_acf_changed":false,"inline_featured_image":false},"product_cat":[28,80,38,39],"product_tag":[],"class_list":{"0":"post-13295","1":"product","2":"type-product","3":"status-publish","4":"has-post-thumbnail","6":"product_cat-archive","7":"product_cat-skirts","8":"product_cat-sunseeker","9":"product_cat-sunseeker-skirts","11":"first","12":"instock","13":"sale","14":"shipping-taxable","15":"purchasable","16":"product-type-variable","17":"has-default-attributes"},"acf":[],"_links":{"self":[{"href":"https:\/\/pikaluna.com\/cz\/wp-json\/wp\/v2\/product\/13295","targetHints":{"allow":["GET"]}}],"collection":[{"href":"https:\/\/pikaluna.com\/cz\/wp-json\/wp\/v2\/product"}],"about":[{"href":"https:\/\/pikaluna.com\/cz\/wp-json\/wp\/v2\/types\/product"}],"wp:featuredmedia":[{"embeddable":true,"href":"https:\/\/pikaluna.com\/cz\/wp-json\/wp\/v2\/media\/13415"}],"wp:attachment":[{"href":"https:\/\/pikaluna.com\/cz\/wp-json\/wp\/v2\/media?parent=13295"}],"wp:term":[{"taxonomy":"product_cat","embeddable":true,"href":"https:\/\/pikaluna.com\/cz\/wp-json\/wp\/v2\/product_cat?post=13295"},{"taxonomy":"product_tag","embeddable":true,"href":"https:\/\/pikaluna.com\/cz\/wp-json\/wp\/v2\/product_tag?post=13295"}],"curies":[{"name":"wp","href":"https:\/\/api.w.org\/{rel}","templated":true}]}}