{"id":13453,"date":"2026-01-30T20:41:41","date_gmt":"2026-01-30T19:41:41","guid":{"rendered":"https:\/\/pikaluna.com\/cz\/?page_id=13453"},"modified":"2026-02-02T13:09:17","modified_gmt":"2026-02-02T12:09:17","slug":"returns-form","status":"publish","type":"page","link":"https:\/\/pikaluna.com\/cz\/returns-form\/","title":{"rendered":"Vr\u00e1cen\u00ed zbo\u017e\u00ed"},"content":{"rendered":"<p>P\u0159esto\u017ee se ve spole\u010dnosti PikaLuna sna\u017e\u00edme nab\u00edzet z\u00e1kazn\u00edk\u016fm jen to nejlep\u0161\u00ed, nelze vylou\u010dit, \u017ee tu a tam n\u011bco neklapne. Pokud jste obdr\u017eeli \u0161patnou velikost, v\u00fdrobek je po\u0161kozen\u00fd nebo vykazuje v\u00fdrobn\u00ed vadu, nevypl\u0148ujte formul\u00e1\u0159 a kontaktujte n\u00e1s na adrese <a style=\"color: #000000;\" href=\"mailto:info@pikaluna.com\">info@pikaluna.com<\/a> do 14 dn\u016f od obdr\u017een\u00ed z\u00e1silky.<\/p>\n<p>&nbsp;<\/p>\n<p><span data-sheets-value=\"{&quot;1&quot;:2,&quot;2&quot;:&quot;P\u0159esto\u017ee se ve spole\u010dnosti PikaLuna sna\u017e\u00edme nab\u00edzet z\u00e1kazn\u00edk\u016fm jen to nejlep\u0161\u00ed, nelze vylou\u010dit, \u017ee tu a tam n\u011bco neklapne. Pokud jste obdr\u017eeli \u0161patnou velikost, v\u00fdrobek je po\u0161kozen\u00fd nebo vykazuje v\u00fdrobn\u00ed vadu, nevypl\u0148ujte formul\u00e1\u0159 a kontaktujte n\u00e1s na adrese info@pikaluna.com do 14 dn\u016f od obdr\u017een\u00ed z\u00e1silky. Bal\u00ed\u010dek n\u00e1m nepos\u00edlejte zp\u011bt, ale rad\u011bji vy\u010dkejte na na\u0161i odpov\u011b\u010f, abychom mohli vadu odstranit.&quot;}\" data-sheets-userformat=\"{&quot;2&quot;:11009,&quot;3&quot;:{&quot;1&quot;:0},&quot;11&quot;:4,&quot;12&quot;:0,&quot;14&quot;:{&quot;1&quot;:3,&quot;3&quot;:1},&quot;16&quot;:10}\">Bal\u00ed\u010dek n\u00e1m nepos\u00edlejte zp\u011bt, ale rad\u011bji vy\u010dkejte na na\u0161i odpov\u011b\u010f, abychom mohli vadu odstranit.<\/span><\/p>\n<p>&nbsp;<\/p>\n<p><strong>Shrnut\u00ed<\/strong>:<br \/>\n\u2014 V\u00fdrobek mus\u00ed b\u00fdt nemyt\u00fd, neno\u0161en\u00fd a se v\u0161emi p\u0159ilo\u017een\u00fdmi \u0161t\u00edtky v origin\u00e1ln\u00edm balen\u00ed. V\u00fdrobek na sob\u011b tak\u00e9 nesm\u00ed m\u00edt skvrny, vlasy nebo jak\u00e9koli jin\u00e9 po\u0161kozen\u00ed.<br \/>\n\u2014 Po \u00fasp\u011b\u0161n\u00e9m odesl\u00e1n\u00ed formul\u00e1\u0159e pro vr\u00e1cen\u00ed zbo\u017e\u00ed za\u0161lete v\u00fdrobky zp\u011bt na adresu Rovelto d.o.o., Ljubljanska cesta 45d, 1241 Kamnik, Slovinsko.<br \/>\n\u2014 Nep\u0159ij\u00edm\u00e1me bal\u00ed\u010dky spojen\u00e9 s uplatn\u011bn\u00edm v\u00fdhod. Z\u00e1kazn\u00edk je odpov\u011bdn\u00fd za uhrazen\u00ed sv\u00fdch n\u00e1klad\u016f na dopravu souvisej\u00edc\u00edch s vr\u00e1cen\u00edm zbo\u017e\u00ed. N\u00e1klady na dopravu jsou nevratn\u00e9.<br \/>\n\u2014 Pokud m\u00e1te jak\u00fdkoliv probl\u00e9m nebo dotaz, kontaktujte n\u00e1s t\u00fdm na<span style=\"color: #000000;\"> <a href=\"mailto:info@pikaluna.com\">info@pikaluna.com<\/a><\/span>, ozveme se v\u00e1m hned, jak to bude mo\u017en\u00e9<\/p>\n<p>&nbsp;<\/p>\n\n<div class=\"wpcf7 no-js\" id=\"wpcf7-f13454-o1\" lang=\"en-US\" dir=\"ltr\" data-wpcf7-id=\"13454\">\n<div class=\"screen-reader-response\"><p role=\"status\" aria-live=\"polite\" aria-atomic=\"true\"><\/p> <ul><\/ul><\/div>\n<form action=\"\/cz\/wp-json\/wp\/v2\/pages\/13453#wpcf7-f13454-o1\" method=\"post\" class=\"wpcf7-form init\" aria-label=\"Contact form\" novalidate=\"novalidate\" data-status=\"init\">\n<fieldset class=\"hidden-fields-container\"><input type=\"hidden\" name=\"_wpcf7\" value=\"13454\" \/><input type=\"hidden\" name=\"_wpcf7_version\" value=\"6.1.5\" \/><input type=\"hidden\" name=\"_wpcf7_locale\" value=\"en_US\" \/><input type=\"hidden\" name=\"_wpcf7_unit_tag\" value=\"wpcf7-f13454-o1\" \/><input type=\"hidden\" name=\"_wpcf7_container_post\" value=\"0\" \/><input type=\"hidden\" name=\"_wpcf7_posted_data_hash\" value=\"\" \/><input type=\"hidden\" name=\"_wpcf7cf_hidden_group_fields\" value=\"[]\" \/><input type=\"hidden\" name=\"_wpcf7cf_hidden_groups\" value=\"[]\" \/><input type=\"hidden\" name=\"_wpcf7cf_visible_groups\" value=\"[]\" \/><input type=\"hidden\" name=\"_wpcf7cf_repeaters\" value=\"[]\" \/><input type=\"hidden\" name=\"_wpcf7cf_steps\" value=\"{}\" \/><input type=\"hidden\" name=\"_wpcf7cf_options\" value=\"{&quot;form_id&quot;:13454,&quot;conditions&quot;:[{&quot;then_field&quot;:&quot;os-selected&quot;,&quot;and_rules&quot;:[{&quot;if_field&quot;:&quot;radio-359&quot;,&quot;operator&quot;:&quot;equals&quot;,&quot;if_value&quot;:&quot;Nov\\u00fd produkt&quot;}]},{&quot;then_field&quot;:&quot;group-vracilo-selected&quot;,&quot;and_rules&quot;:[{&quot;if_field&quot;:&quot;radio-359&quot;,&quot;operator&quot;:&quot;equals&quot;,&quot;if_value&quot;:&quot;Refundaci&quot;}]}],&quot;settings&quot;:{&quot;animation&quot;:&quot;yes&quot;,&quot;animation_intime&quot;:200,&quot;animation_outtime&quot;:200,&quot;conditions_ui&quot;:&quot;normal&quot;,&quot;notice_dismissed&quot;:false}}\" \/>\n<\/fieldset>\n<div class=\"flex-line\">\n\t<div class=\"first field\">\n\t\t<p class=\"heading\">Jm\u00e9no\n\t\t<\/p>\n\t\t<p><span class=\"wpcf7-form-control-wrap\" data-name=\"your-name\"><input size=\"40\" maxlength=\"400\" class=\"wpcf7-form-control wpcf7-text wpcf7-validates-as-required\" aria-required=\"true\" aria-invalid=\"false\" value=\"\" type=\"text\" name=\"your-name\" \/><\/span>\n\t\t<\/p>\n\t<\/div>\n\t<div class=\"second field\">\n\t\t<p class=\"heading\">P\u0159\u00edjmen\u00ed\n\t\t<\/p>\n\t\t<p><span class=\"wpcf7-form-control-wrap\" data-name=\"your-surname\"><input size=\"40\" maxlength=\"400\" class=\"wpcf7-form-control wpcf7-text wpcf7-validates-as-required\" aria-required=\"true\" aria-invalid=\"false\" value=\"\" type=\"text\" name=\"your-surname\" \/><\/span>\n\t\t<\/p>\n\t<\/div>\n<\/div>\n<div class=\"flex-line\">\n\t<div class=\"first field\">\n\t\t<p class=\"heading\">E-mailov\u00e1 adresa\n\t\t<\/p>\n\t\t<p><span class=\"wpcf7-form-control-wrap\" data-name=\"your-email\"><input size=\"40\" maxlength=\"400\" class=\"wpcf7-form-control wpcf7-email wpcf7-validates-as-required wpcf7-text wpcf7-validates-as-email\" aria-required=\"true\" aria-invalid=\"false\" value=\"\" type=\"email\" name=\"your-email\" \/><\/span>\n\t\t<\/p>\n\t<\/div>\n\t<div class=\"second field\">\n\t\t<p class=\"heading\">Adresa a \u010d\u00edslo popisn\u00e9\n\t\t<\/p>\n\t\t<p><span class=\"wpcf7-form-control-wrap\" data-name=\"your-adress\"><input size=\"40\" maxlength=\"400\" class=\"wpcf7-form-control wpcf7-text wpcf7-validates-as-required\" aria-required=\"true\" aria-invalid=\"false\" value=\"\" type=\"text\" name=\"your-adress\" \/><\/span>\n\t\t<\/p>\n\t<\/div>\n<\/div>\n<div class=\"flex-line\">\n\t<div class=\"first field\">\n\t\t<p class=\"heading\">M\u011bsto\n\t\t<\/p>\n\t\t<p><span class=\"wpcf7-form-control-wrap\" data-name=\"your-town\"><input size=\"40\" maxlength=\"400\" class=\"wpcf7-form-control wpcf7-text wpcf7-validates-as-required\" aria-required=\"true\" aria-invalid=\"false\" value=\"\" type=\"text\" name=\"your-town\" \/><\/span>\n\t\t<\/p>\n\t<\/div>\n\t<div class=\"second field\">\n\t\t<p class=\"heading\">PS\u010c\n\t\t<\/p>\n\t\t<p><span class=\"wpcf7-form-control-wrap\" data-name=\"your-postcode\"><input size=\"40\" maxlength=\"400\" class=\"wpcf7-form-control wpcf7-text wpcf7-validates-as-required\" aria-required=\"true\" aria-invalid=\"false\" value=\"\" type=\"text\" name=\"your-postcode\" \/><\/span>\n\t\t<\/p>\n\t<\/div>\n<\/div>\n<div class=\"flex-line\">\n\t<div class=\"wide field\">\n\t\t<p class=\"heading\"><br \/>\n\u010c\u00edslo objedn\u00e1vky produktu (k nalezen\u00ed na faktu\u0159e nebo v e-mailu o potvrzen\u00ed objedn\u00e1vky)\n\t\t<\/p>\n\t\t<p><span class=\"wpcf7-form-control-wrap\" data-name=\"order-no\"><input size=\"40\" maxlength=\"400\" class=\"wpcf7-form-control wpcf7-text wpcf7-validates-as-required\" aria-required=\"true\" aria-invalid=\"false\" value=\"\" type=\"text\" name=\"order-no\" \/><\/span>\n\t\t<\/p>\n\t<\/div>\n<\/div>\n<div class=\"flex-line\">\n\t<div class=\"wide field\">\n\t\t<p class=\"heading\"><br \/>\nVrac\u00edm v\u0161echny zakoupen\u00e9 produkty:\n\t\t<\/p>\n\t\t<p><span class=\"wpcf7-form-control-wrap\" data-name=\"radio-361\"><span class=\"wpcf7-form-control wpcf7-radio\"><span class=\"wpcf7-list-item first\"><label><input type=\"radio\" name=\"radio-361\" value=\"Ano\" checked=\"checked\" \/><span class=\"wpcf7-list-item-label\">Ano<\/span><\/label><\/span><span class=\"wpcf7-list-item last\"><label><input type=\"radio\" name=\"radio-361\" value=\"No\" \/><span class=\"wpcf7-list-item-label\">No<\/span><\/label><\/span><\/span><\/span>\n\t\t<\/p>\n\t<\/div>\n<\/div>\n<div class=\"flex-line\">\n\t<div class=\"wide field\">\n\t\t<p class=\"heading\"><br \/>\nProdukt, kter\u00fd vrac\u00edte:\n\t\t<\/p>\n\t\t<p style=\"font-size: 11px !important;\"><br \/>\nNapi\u0161te po\u010det kus\u016f, n\u00e1zvy a vybran\u00e9 velikosti produkt\u016f, kter\u00e9 chcete vr\u00e1tit (nap\u0159. YOUTH - S)\n\t\t<\/p>\n\t\t<p><span class=\"wpcf7-form-control-wrap\" data-name=\"product-returning\"><input size=\"40\" maxlength=\"400\" class=\"wpcf7-form-control wpcf7-text wpcf7-validates-as-required\" aria-required=\"true\" aria-invalid=\"false\" value=\"\" type=\"text\" name=\"product-returning\" \/><\/span>\n\t\t<\/p>\n\t<\/div>\n<\/div>\n<div class=\"flex-line\">\n\t<div class=\"first field\">\n\t\t<p class=\"heading\">D\u016fvod refundace:\n\t\t<\/p>\n\t\t<p><span class=\"wpcf7-form-control-wrap\" data-name=\"radio-358\"><span class=\"wpcf7-form-control wpcf7-radio\"><span class=\"wpcf7-list-item first\"><label><input type=\"radio\" name=\"radio-358\" value=\"Obdr\u017eel\/a jsem nespr\u00e1vn\u00fd produkt\" checked=\"checked\" \/><span class=\"wpcf7-list-item-label\">Obdr\u017eel\/a jsem nespr\u00e1vn\u00fd produkt<\/span><\/label><\/span><span class=\"wpcf7-list-item last\"><label><input type=\"radio\" name=\"radio-358\" value=\"Model mi nesed\u00ed.\" \/><span class=\"wpcf7-list-item-label\">Model mi nesed\u00ed.<\/span><\/label><\/span><\/span><\/span>\n\t\t<\/p>\n\t<\/div>\n\t<div class=\"second field\">\n\t\t<p class=\"heading\">Chci:\n\t\t<\/p>\n\t\t<p><span class=\"wpcf7-form-control-wrap\" data-name=\"radio-359\"><span class=\"wpcf7-form-control wpcf7-radio\"><span class=\"wpcf7-list-item first\"><label><input type=\"radio\" name=\"radio-359\" value=\"Nov\u00fd produkt\" checked=\"checked\" \/><span class=\"wpcf7-list-item-label\">Nov\u00fd produkt<\/span><\/label><\/span><span class=\"wpcf7-list-item last\"><label><input type=\"radio\" name=\"radio-359\" value=\"Refundaci\" \/><span class=\"wpcf7-list-item-label\">Refundaci<\/span><\/label><\/span><\/span><\/span>\n\t\t<\/p>\n\t<\/div>\n<\/div>\n<div data-id=\"os-selected\" data-orig_data_id=\"os-selected\"  class=\"\" data-class=\"wpcf7cf_group\">\n\t<div class=\"flex-line\">\n\t\t<div class=\"wide field\">\n\t\t\t<p class=\"heading\">Produkt, kter\u00fd chcete obdr\u017eet:\n\t\t\t<\/p>\n\t\t\t<p style=\"font-size: 11px !important;\"><br \/>\nNapi\u0161te n\u00e1zev a vybranou velikost dan\u00e9ho produktu (nap\u0159. YOUTH - S).\n\t\t\t<\/p>\n\t\t\t<p><span class=\"wpcf7-form-control-wrap\" data-name=\"which-replacement-product\"><input size=\"40\" maxlength=\"400\" class=\"wpcf7-form-control wpcf7-text wpcf7-validates-as-required\" aria-required=\"true\" aria-invalid=\"false\" value=\"\" type=\"text\" name=\"which-replacement-product\" \/><\/span>\n\t\t\t<\/p>\n\t\t<\/div>\n\t<\/div>\n<\/div>\n<div data-id=\"group-vracilo-selected\" data-orig_data_id=\"group-vracilo-selected\"  class=\"\" data-class=\"wpcf7cf_group\">\n\t<div class=\"flex-line\">\n\t\t<div class=\"wide field\">\n\t\t\t<p class=\"heading\"><br \/>\nPlatba byla provedena:\n\t\t\t<\/p>\n\t\t\t<p><span class=\"wpcf7-form-control-wrap\" data-name=\"radio-362\"><span class=\"wpcf7-form-control wpcf7-radio\"><span class=\"wpcf7-list-item first\"><label><input type=\"radio\" name=\"radio-362\" value=\"Dob\u00edrkou\" checked=\"checked\" \/><span class=\"wpcf7-list-item-label\">Dob\u00edrkou<\/span><\/label><\/span><span class=\"wpcf7-list-item\"><label><input type=\"radio\" name=\"radio-362\" value=\"Kreditn\u00ed kartou\" \/><span class=\"wpcf7-list-item-label\">Kreditn\u00ed kartou<\/span><\/label><\/span><span class=\"wpcf7-list-item last\"><label><input type=\"radio\" name=\"radio-362\" value=\"PayPalem\" \/><span class=\"wpcf7-list-item-label\">PayPalem<\/span><\/label><\/span><\/span><\/span>\n\t\t\t<\/p>\n\t\t<\/div>\n\t<\/div>\n\t<div class=\"flex-line\">\n\t\t<div class=\"wide field\">\n\t\t\t<p class=\"heading\"><br \/>\nIBAN:\n\t\t\t<\/p>\n\t\t\t<p><span class=\"wpcf7-form-control-wrap\" data-name=\"iban\"><input size=\"40\" maxlength=\"400\" class=\"wpcf7-form-control wpcf7-text\" aria-invalid=\"false\" value=\"\" type=\"text\" name=\"iban\" \/><\/span>\n\t\t\t<\/p>\n\t\t<\/div>\n\t<\/div>\n<\/div>\n<div class=\"flex-line\">\n\t<div class=\"wide field\">\n\t\t<p class=\"heading\"><br \/>\nStav produktu, kter\u00fd vrac\u00edte:\n\t\t<\/p>\n\t\t<p><span class=\"wpcf7-form-control-wrap\" data-name=\"radio-360\"><span class=\"wpcf7-form-control wpcf7-radio\"><span class=\"wpcf7-list-item first last\"><label><input type=\"radio\" name=\"radio-360\" value=\"Vrac\u00edm nepo\u0161kozen\u00fd produkt (nemyt\u00fd, neno\u0161en\u00fd a nepo\u0161kozen\u00fd)\" \/><span class=\"wpcf7-list-item-label\">Vrac\u00edm nepo\u0161kozen\u00fd produkt (nemyt\u00fd, neno\u0161en\u00fd a nepo\u0161kozen\u00fd)<\/span><\/label><\/span><\/span><\/span>\n\t\t<\/p>\n\t<\/div>\n<\/div>\n<p><div class=\"cf7-cf-turnstile\" style=\"margin-top: 0px; margin-bottom: -15px;\"> <div id=\"cf-turnstile-cf7-383887995\" class=\"cf-turnstile\" data-callback=\"turnstileCF7Callback\" data-sitekey=\"0x4AAAAAAAkeyllG3hlaMGxD\" data-theme=\"auto\" data-language=\"auto\" data-size=\"normal\" data-retry=\"auto\" data-retry-interval=\"1000\" data-refresh-expired=\"auto\" data-refresh-timeout=\"auto\" data-action=\"contact-form-7\" data-callback=\"turnstileCF7Callback\" data-appearance=\"interaction-only\"><\/div> <style>.wpcf7-submit { pointer-events: none; opacity: 0.5; }<\/style> <script>document.addEventListener(\"DOMContentLoaded\", function() { setTimeout(function(){ var e=document.getElementById(\"cf-turnstile-cf7-383887995\"); if(e&&!e.innerHTML.trim()){turnstile.render(e, {sitekey:\"0x4AAAAAAAkeyllG3hlaMGxD\"});} }, 200); });<\/script> <style>#cf-turnstile-cf7-383887995 iframe { margin-bottom: 15px; }<\/style> <style>#cf-turnstile-cf7-383887995 { margin-left: -15px; }<\/style> <script>document.addEventListener(\"DOMContentLoaded\",function(){document.querySelectorAll('.wpcf7-form').forEach(function(e){e.addEventListener('submit',function(){if(document.getElementById('cf-turnstile-cf7-383887995')){setTimeout(function(){turnstile.reset('#cf-turnstile-cf7-383887995');},1000)}})})});<\/script> <\/div><br\/><input class=\"wpcf7-form-control wpcf7-submit has-spinner btn btn--secondary\" type=\"submit\" value=\"Odeslat\" \/>\n<\/p><div class=\"wpcf7-response-output\" aria-hidden=\"true\"><\/div>\n<\/form>\n<\/div>\n\n","protected":false},"excerpt":{"rendered":"<p>P\u0159esto\u017ee se ve spole\u010dnosti PikaLuna sna\u017e\u00edme nab\u00edzet z\u00e1kazn\u00edk\u016fm jen to nejlep\u0161\u00ed, nelze vylou\u010dit, \u017ee tu a tam n\u011bco neklapne. Pokud jste obdr\u017eeli \u0161patnou velikost, v\u00fdrobek je po\u0161kozen\u00fd nebo vykazuje v\u00fdrobn\u00ed vadu, nevypl\u0148ujte formul\u00e1\u0159 a kontaktujte n\u00e1s na adrese info@pikaluna.com do 14 dn\u016f od obdr\u017een\u00ed z\u00e1silky. &nbsp; Bal\u00ed\u010dek n\u00e1m nepos\u00edlejte zp\u011bt, ale rad\u011bji vy\u010dkejte na na\u0161i [&hellip;]<\/p>\n","protected":false},"author":1,"featured_media":0,"parent":0,"menu_order":0,"comment_status":"closed","ping_status":"closed","template":"","meta":{"_acf_changed":false,"inline_featured_image":false,"footnotes":""},"class_list":["post-13453","page","type-page","status-publish","hentry"],"acf":[],"_links":{"self":[{"href":"https:\/\/pikaluna.com\/cz\/wp-json\/wp\/v2\/pages\/13453","targetHints":{"allow":["GET"]}}],"collection":[{"href":"https:\/\/pikaluna.com\/cz\/wp-json\/wp\/v2\/pages"}],"about":[{"href":"https:\/\/pikaluna.com\/cz\/wp-json\/wp\/v2\/types\/page"}],"author":[{"embeddable":true,"href":"https:\/\/pikaluna.com\/cz\/wp-json\/wp\/v2\/users\/1"}],"replies":[{"embeddable":true,"href":"https:\/\/pikaluna.com\/cz\/wp-json\/wp\/v2\/comments?post=13453"}],"version-history":[{"count":0,"href":"https:\/\/pikaluna.com\/cz\/wp-json\/wp\/v2\/pages\/13453\/revisions"}],"wp:attachment":[{"href":"https:\/\/pikaluna.com\/cz\/wp-json\/wp\/v2\/media?parent=13453"}],"curies":[{"name":"wp","href":"https:\/\/api.w.org\/{rel}","templated":true}]}}