{"id":12428,"date":"2025-10-16T15:38:18","date_gmt":"2025-10-16T13:38:18","guid":{"rendered":"https:\/\/pikaluna.com\/cz\/?page_id=12428"},"modified":"2026-01-09T10:32:05","modified_gmt":"2026-01-09T09:32:05","slug":"about-us","status":"publish","type":"page","link":"https:\/\/pikaluna.com\/cz\/about-us\/","title":{"rendered":"O n\u00e1s"},"content":{"rendered":"<h3 data-start=\"108\" data-end=\"138\"><strong data-start=\"112\" data-end=\"138\">Oble\u010den\u00ed s v\u00fdznamem \ud83c\udf3f<\/strong><\/h3>\n<p data-start=\"140\" data-end=\"420\">V\u011b\u0159\u00edme, \u017ee oble\u010den\u00ed je v\u00edc ne\u017e jen l\u00e1tka \u2014 je to zp\u016fsob, jak vyj\u00e1d\u0159it, kdo jste a jak se c\u00edt\u00edte. To, co nos\u00edte, by v\u00e1s m\u011blo posilovat, p\u0159in\u00e1\u0161et pohodl\u00ed a odr\u00e1\u017eet v\u00e1\u0161 \u017eivotn\u00ed styl. Proto nenavrhujeme jen oble\u010den\u00ed; vytv\u00e1\u0159\u00edme kousky, kter\u00e9 se propojuj\u00ed s va\u0161imi ka\u017edodenn\u00edmi momenty.<\/p>\n<h3 data-start=\"427\" data-end=\"454\"><\/h3>\n<h3 data-start=\"427\" data-end=\"454\"><strong data-start=\"431\" data-end=\"454\">Inspirov\u00e1no v\u00e1mi \ud83d\udcac<\/strong><\/h3>\n<p data-start=\"456\" data-end=\"758\">V\u00e1\u0161 hlas je st\u0159edem v\u0161eho, co d\u011bl\u00e1me. Pozorn\u011b naslouch\u00e1me na\u0161im z\u00e1kazn\u00edk\u016fm a ka\u017edou kolekci tvo\u0159\u00edme podle toho, co je pro v\u00e1s skute\u010dn\u011b d\u016fle\u017eit\u00e9. Ka\u017ed\u00fd design za\u010d\u00edn\u00e1 va\u0161\u00ed zp\u011btnou vazbou, va\u0161imi p\u0159\u00edb\u011bhy a zku\u0161enostmi. D\u00edky tomu vznik\u00e1 oble\u010den\u00ed, kter\u00e9 p\u016fsob\u00ed osobn\u011b \u2014 jako by bylo vytvo\u0159eno p\u0159\u00edmo pro v\u00e1s.<\/p>\n<h3 data-start=\"765\" data-end=\"805\"><\/h3>\n<h3 data-start=\"765\" data-end=\"805\"><strong data-start=\"769\" data-end=\"805\">Pohodl\u00ed, kvalita a sebev\u011bdom\u00ed \ud83c\udf38<\/strong><\/h3>\n<p data-start=\"807\" data-end=\"1113\">Zam\u011b\u0159ujeme se na t\u0159i kl\u00ed\u010dov\u00e9 hodnoty: pohodl\u00ed, kvalitu a sebev\u011bdom\u00ed. Ka\u017ed\u00fd kousek je navr\u017een tak, aby se p\u0159izp\u016fsobil va\u0161emu pohybu, poskytoval oporu a zajistil pocit komfortu v ka\u017ed\u00e9 situaci. A\u0165 u\u017e jste v pr\u00e1ci, doma, nebo si u\u017e\u00edv\u00e1te nov\u00e9 \u017eivotn\u00ed okam\u017eiky, na\u0161e oble\u010den\u00ed se p\u0159irozen\u011b p\u0159izp\u016fsob\u00ed va\u0161emu dni.<\/p>\n<h3 data-start=\"1120\" data-end=\"1147\"><\/h3>\n<h3 data-start=\"1120\" data-end=\"1147\"><strong data-start=\"1124\" data-end=\"1147\">Vytvo\u0159eno s p\u00e9\u010d\u00ed \ud83e\uddf5<\/strong><\/h3>\n<p data-start=\"1149\" data-end=\"1441\">Ka\u017ed\u00fd produkt vyr\u00e1b\u00edme z pe\u010dliv\u011b vybran\u00fdch materi\u00e1l\u016f pro jejich hebkost, odolnost a nad\u010dasov\u00fd vzhled. Db\u00e1me na ka\u017ed\u00fd detail \u2014 od promy\u0161len\u00fdch st\u0159ih\u016f a \u0161v\u016f a\u017e po prody\u0161n\u00e9 l\u00e1tky, kter\u00e9 se p\u0159izp\u016fsob\u00ed va\u0161im pot\u0159eb\u00e1m. V\u00fdsledkem je oble\u010den\u00ed, kter\u00e9 kr\u00e1sn\u011b vypad\u00e1, skv\u011ble se nos\u00ed a vydr\u017e\u00ed dlouhodob\u011b.<\/p>\n<h3 data-start=\"1448\" data-end=\"1480\"><\/h3>\n<h3 data-start=\"1448\" data-end=\"1480\"><strong data-start=\"1452\" data-end=\"1480\">V\u00edce ne\u017e jen oble\u010den\u00ed \ud83e\udd1d<\/strong><\/h3>\n<p data-start=\"1482\" data-end=\"1764\">Pro n\u00e1s nejde jen o tvorbu oble\u010den\u00ed \u2014 jde o budov\u00e1n\u00ed komunity. Rosteme a vyv\u00edj\u00edme se spole\u010dn\u011b s na\u0161imi z\u00e1kazn\u00edky, p\u0159i\u010dem\u017e v\u00e1\u0161 hlas n\u00e1s prov\u00e1z\u00ed na ka\u017ed\u00e9m kroku. Na\u0161\u00edm c\u00edlem je vytv\u00e1\u0159et nad\u010dasov\u00e9 kousky, kter\u00e9 v\u00e1s podporuj\u00ed na va\u0161\u00ed cest\u011b a pom\u00e1haj\u00ed v\u00e1m c\u00edtit se pohodln\u011b a sebev\u011bdom\u011b.<\/p>\n<h3 data-start=\"1771\" data-end=\"1799\"><\/h3>\n<h3 data-start=\"1771\" data-end=\"1799\"><strong data-start=\"1775\" data-end=\"1799\">P\u0159idejte se k n\u00e1m \ud83c\udf1f<\/strong><\/h3>\n<p data-start=\"1801\" data-end=\"1973\">Zveme v\u00e1s, abyste objevili oble\u010den\u00ed, kter\u00e9 m\u00e1 skute\u010dn\u00fd v\u00fdznam. Poznejte pohodl\u00ed, kvalitu a p\u00e9\u010di v ka\u017ed\u00e9m kousku \u2014 a sta\u0148te se sou\u010d\u00e1st\u00ed komunity, kter\u00e1 si v\u00e1\u017e\u00ed va\u0161eho hlasu.<\/p>\n","protected":false},"excerpt":{"rendered":"<p>Oble\u010den\u00ed s v\u00fdznamem \ud83c\udf3f V\u011b\u0159\u00edme, \u017ee oble\u010den\u00ed je v\u00edc ne\u017e jen l\u00e1tka \u2014 je to zp\u016fsob, jak vyj\u00e1d\u0159it, kdo jste a jak se c\u00edt\u00edte. To, co nos\u00edte, by v\u00e1s m\u011blo posilovat, p\u0159in\u00e1\u0161et pohodl\u00ed a odr\u00e1\u017eet v\u00e1\u0161 \u017eivotn\u00ed styl. Proto nenavrhujeme jen oble\u010den\u00ed; vytv\u00e1\u0159\u00edme kousky, kter\u00e9 se propojuj\u00ed s va\u0161imi ka\u017edodenn\u00edmi momenty. Inspirov\u00e1no v\u00e1mi \ud83d\udcac V\u00e1\u0161 [&hellip;]<\/p>\n","protected":false},"author":4,"featured_media":12464,"parent":0,"menu_order":0,"comment_status":"closed","ping_status":"closed","template":"template-content.php","meta":{"_acf_changed":false,"inline_featured_image":false,"footnotes":""},"class_list":["post-12428","page","type-page","status-publish","has-post-thumbnail","hentry"],"acf":[],"_links":{"self":[{"href":"https:\/\/pikaluna.com\/cz\/wp-json\/wp\/v2\/pages\/12428","targetHints":{"allow":["GET"]}}],"collection":[{"href":"https:\/\/pikaluna.com\/cz\/wp-json\/wp\/v2\/pages"}],"about":[{"href":"https:\/\/pikaluna.com\/cz\/wp-json\/wp\/v2\/types\/page"}],"author":[{"embeddable":true,"href":"https:\/\/pikaluna.com\/cz\/wp-json\/wp\/v2\/users\/4"}],"replies":[{"embeddable":true,"href":"https:\/\/pikaluna.com\/cz\/wp-json\/wp\/v2\/comments?post=12428"}],"version-history":[{"count":0,"href":"https:\/\/pikaluna.com\/cz\/wp-json\/wp\/v2\/pages\/12428\/revisions"}],"wp:featuredmedia":[{"embeddable":true,"href":"https:\/\/pikaluna.com\/cz\/wp-json\/wp\/v2\/media\/12464"}],"wp:attachment":[{"href":"https:\/\/pikaluna.com\/cz\/wp-json\/wp\/v2\/media?parent=12428"}],"curies":[{"name":"wp","href":"https:\/\/api.w.org\/{rel}","templated":true}]}}